{"id":3384,"date":"2021-08-04T04:57:47","date_gmt":"2021-08-04T04:57:47","guid":{"rendered":"https:\/\/certification.crto.on.ca\/process-for-obtaining-approval-for-a-certification-program\/"},"modified":"2025-05-02T15:02:33","modified_gmt":"2025-05-02T15:02:33","slug":"process-for-obtaining-approval-for-a-certification-program","status":"publish","type":"page","link":"https:\/\/certification.crto.on.ca\/fr\/process-for-obtaining-approval-for-a-certification-program\/","title":{"rendered":"Processus de l\u2019obtention de l\u2019approbation d\u2019un programme d\u2019agr\u00e9ment"},"content":{"rendered":"<p>[et_pb_section fb_built=\u00a0\u00bb1&Prime; admin_label=\u00a0\u00bbsection\u00a0\u00bb _builder_version=\u00a0\u00bb4.16&Prime; background_image=\u00a0\u00bbhttps:\/\/certification.crto.on.ca\/wp-content\/uploads\/sites\/6\/2021\/12\/Process.jpg\u00a0\u00bb custom_padding=\u00a0\u00bb50px||50px||false|false\u00a0\u00bb global_colors_info=\u00a0\u00bb{}\u00a0\u00bb][et_pb_row admin_label=\u00a0\u00bbrow\u00a0\u00bb _builder_version=\u00a0\u00bb4.16&Prime; background_size=\u00a0\u00bbinitial\u00a0\u00bb background_position=\u00a0\u00bbtop_left\u00a0\u00bb background_repeat=\u00a0\u00bbrepeat\u00a0\u00bb custom_padding=\u00a0\u00bb100px||100px||true|false\u00a0\u00bb global_colors_info=\u00a0\u00bb{}\u00a0\u00bb][et_pb_column type=\u00a0\u00bb4_4&Prime; _builder_version=\u00a0\u00bb4.16&Prime; custom_padding=\u00a0\u00bb|||\u00a0\u00bb global_colors_info=\u00a0\u00bb{}\u00a0\u00bb custom_padding__hover=\u00a0\u00bb|||\u00a0\u00bb][et_pb_text admin_label=\u00a0\u00bbTitle\u00a0\u00bb _builder_version=\u00a0\u00bb4.27.4&Prime; _module_preset=\u00a0\u00bbdefault\u00a0\u00bb width=\u00a0\u00bb50%\u00a0\u00bb module_alignment=\u00a0\u00bbleft\u00a0\u00bb hover_enabled=\u00a0\u00bb0&Prime; global_colors_info=\u00a0\u00bb{}\u00a0\u00bb sticky_enabled=\u00a0\u00bb0&Prime;]<\/p>\n<h1><strong>Processus pour faire approuver un programme d\u2019agr\u00e9mentde l\u2019obtention de l\u2019approbation d\u2019un<br \/>\nprogramme d\u2019agr\u00e9ment<\/strong><\/h1>\n<p>[\/et_pb_text][\/et_pb_column][\/et_pb_row][\/et_pb_section][et_pb_section fb_built=\u00a0\u00bb1&Prime; admin_label=\u00a0\u00bbSection\u00a0\u00bb _builder_version=\u00a0\u00bb4.16&Prime; _module_preset=\u00a0\u00bbdefault\u00a0\u00bb custom_padding=\u00a0\u00bb0px||3px||false|false\u00a0\u00bb global_colors_info=\u00a0\u00bb{}\u00a0\u00bb][et_pb_row use_custom_gutter=\u00a0\u00bbon\u00a0\u00bb gutter_width=\u00a0\u00bb1&Prime; _builder_version=\u00a0\u00bb4.16&Prime; _module_preset=\u00a0\u00bbdefault\u00a0\u00bb width=\u00a0\u00bb100%\u00a0\u00bb max_width=\u00a0\u00bb100%\u00a0\u00bb custom_padding=\u00a0\u00bb0px||0px||false|false\u00a0\u00bb global_colors_info=\u00a0\u00bb{}\u00a0\u00bb][et_pb_column type=\u00a0\u00bb4_4&Prime; _builder_version=\u00a0\u00bb4.16&Prime; _module_preset=\u00a0\u00bbdefault\u00a0\u00bb global_colors_info=\u00a0\u00bb{}\u00a0\u00bb][et_pb_divider color=\u00a0\u00bb#696bae\u00a0\u00bb divider_weight=\u00a0\u00bb3px\u00a0\u00bb _builder_version=\u00a0\u00bb4.16&Prime; _module_preset=\u00a0\u00bbdefault\u00a0\u00bb height=\u00a0\u00bb0px\u00a0\u00bb global_colors_info=\u00a0\u00bb{}\u00a0\u00bb][\/et_pb_divider][\/et_pb_column][\/et_pb_row][\/et_pb_section][et_pb_section fb_built=\u00a0\u00bb1&Prime; _builder_version=\u00a0\u00bb4.16&Prime; _module_preset=\u00a0\u00bbdefault\u00a0\u00bb global_colors_info=\u00a0\u00bb{}\u00a0\u00bb][et_pb_row _builder_version=\u00a0\u00bb4.16&Prime; _module_preset=\u00a0\u00bbdefault\u00a0\u00bb global_colors_info=\u00a0\u00bb{}\u00a0\u00bb][et_pb_column type=\u00a0\u00bb4_4&Prime; _builder_version=\u00a0\u00bb4.16&Prime; _module_preset=\u00a0\u00bbdefault\u00a0\u00bb global_colors_info=\u00a0\u00bb{}\u00a0\u00bb][et_pb_text _builder_version=\u00a0\u00bb4.27.4&Prime; _module_preset=\u00a0\u00bbdefault\u00a0\u00bb header_font_size=\u00a0\u00bb45px\u00a0\u00bb hover_enabled=\u00a0\u00bb0&Prime; global_colors_info=\u00a0\u00bb{}\u00a0\u00bb locked=\u00a0\u00bboff\u00a0\u00bb sticky_enabled=\u00a0\u00bb0&Prime;]<\/p>\n<h2 style=\"text-align: center;\"><strong>6. Processus pour faire approuver un programme d\u2019agr\u00e9ment<\/strong><\/h2>\n<p>[\/et_pb_text][et_pb_text admin_label=\u00a0\u00bbText\u00a0\u00bb _builder_version=\u00a0\u00bb4.27.4&Prime; _module_preset=\u00a0\u00bbdefault\u00a0\u00bb hover_enabled=\u00a0\u00bb0&Prime; global_colors_info=\u00a0\u00bb{}\u00a0\u00bb sticky_enabled=\u00a0\u00bb0&Prime;]<\/p>\n<h4 style=\"text-align: center;\"><strong>L\u2019organisation \u00e9labore un programme d\u2019agr\u00e9ment.<br \/>\n<\/strong><\/h4>\n<p>[\/et_pb_text][et_pb_image src=\u00a0\u00bbhttps:\/\/certification.crto.on.ca\/wp-content\/uploads\/sites\/6\/2021\/08\/CRTO-certification-purple-arrows.png\u00a0\u00bb title_text=\u00a0\u00bbCRTO-certification-purple-arrows\u00a0\u00bb align=\u00a0\u00bbcenter\u00a0\u00bb _builder_version=\u00a0\u00bb4.16&Prime; _module_preset=\u00a0\u00bbdefault\u00a0\u00bb width=\u00a0\u00bb100%\u00a0\u00bb global_colors_info=\u00a0\u00bb{}\u00a0\u00bb][\/et_pb_image][\/et_pb_column][\/et_pb_row][et_pb_row _builder_version=\u00a0\u00bb4.16&Prime; _module_preset=\u00a0\u00bbdefault\u00a0\u00bb global_colors_info=\u00a0\u00bb{}\u00a0\u00bb][et_pb_column type=\u00a0\u00bb4_4&Prime; _builder_version=\u00a0\u00bb4.16&Prime; _module_preset=\u00a0\u00bbdefault\u00a0\u00bb global_colors_info=\u00a0\u00bb{}\u00a0\u00bb][et_pb_text admin_label=\u00a0\u00bbText\u00a0\u00bb _builder_version=\u00a0\u00bb4.27.4&Prime; _module_preset=\u00a0\u00bbdefault\u00a0\u00bb hover_enabled=\u00a0\u00bb0&Prime; global_colors_info=\u00a0\u00bb{}\u00a0\u00bb sticky_enabled=\u00a0\u00bb0&Prime;]<\/p>\n<h4 style=\"text-align: center;\"><strong>L\u2019organisation soumet \u00e0 l\u2019OTRO son programme d\u2019agr\u00e9ment et la liste de v\u00e9rification d\u00fbment remplie.<br \/>\n<\/strong><\/h4>\n<p>[\/et_pb_text][et_pb_image src=\u00a0\u00bbhttps:\/\/certification.crto.on.ca\/wp-content\/uploads\/sites\/6\/2021\/08\/CRTO-certification-purple-arrows.png\u00a0\u00bb title_text=\u00a0\u00bbCRTO-certification-purple-arrows\u00a0\u00bb align=\u00a0\u00bbcenter\u00a0\u00bb _builder_version=\u00a0\u00bb4.16&Prime; _module_preset=\u00a0\u00bbdefault\u00a0\u00bb global_colors_info=\u00a0\u00bb{}\u00a0\u00bb][\/et_pb_image][\/et_pb_column][\/et_pb_row][et_pb_row _builder_version=\u00a0\u00bb4.16&Prime; _module_preset=\u00a0\u00bbdefault\u00a0\u00bb global_colors_info=\u00a0\u00bb{}\u00a0\u00bb][et_pb_column type=\u00a0\u00bb4_4&Prime; _builder_version=\u00a0\u00bb4.16&Prime; _module_preset=\u00a0\u00bbdefault\u00a0\u00bb global_colors_info=\u00a0\u00bb{}\u00a0\u00bb][et_pb_text admin_label=\u00a0\u00bbText\u00a0\u00bb _builder_version=\u00a0\u00bb4.27.4&Prime; _module_preset=\u00a0\u00bbdefault\u00a0\u00bb hover_enabled=\u00a0\u00bb0&Prime; global_colors_info=\u00a0\u00bb{}\u00a0\u00bb sticky_enabled=\u00a0\u00bb0&Prime;]<\/p>\n<h4 style=\"text-align: center;\"><strong>Le personnel de l\u2019OTRO \u00e9value le programme et demande des renseignements suppl\u00e9mentaires au besoin.<br \/>\n<\/strong><\/h4>\n<p>[\/et_pb_text][et_pb_image src=\u00a0\u00bbhttps:\/\/certification.crto.on.ca\/wp-content\/uploads\/sites\/6\/2021\/08\/CRTO-certification-purple-arrows.png\u00a0\u00bb title_text=\u00a0\u00bbCRTO-certification-purple-arrows\u00a0\u00bb align=\u00a0\u00bbcenter\u00a0\u00bb _builder_version=\u00a0\u00bb4.16&Prime; _module_preset=\u00a0\u00bbdefault\u00a0\u00bb global_colors_info=\u00a0\u00bb{}\u00a0\u00bb][\/et_pb_image][\/et_pb_column][\/et_pb_row][et_pb_row _builder_version=\u00a0\u00bb4.16&Prime; _module_preset=\u00a0\u00bbdefault\u00a0\u00bb global_colors_info=\u00a0\u00bb{}\u00a0\u00bb][et_pb_column type=\u00a0\u00bb4_4&Prime; _builder_version=\u00a0\u00bb4.16&Prime; _module_preset=\u00a0\u00bbdefault\u00a0\u00bb global_colors_info=\u00a0\u00bb{}\u00a0\u00bb][et_pb_text admin_label=\u00a0\u00bbText\u00a0\u00bb _builder_version=\u00a0\u00bb4.27.4&Prime; _module_preset=\u00a0\u00bbdefault\u00a0\u00bb hover_enabled=\u00a0\u00bb0&Prime; global_colors_info=\u00a0\u00bb{}\u00a0\u00bb sticky_enabled=\u00a0\u00bb0&Prime;]<\/p>\n<h4 style=\"text-align: center;\"><strong>Le Comit\u00e9 d\u2019inscription \u00e9value le programme, puis l\u2019approuve ou demande des changements.<br \/>\n<\/strong><\/h4>\n<p>[\/et_pb_text][et_pb_image src=\u00a0\u00bbhttps:\/\/certification.crto.on.ca\/wp-content\/uploads\/sites\/6\/2021\/08\/CRTO-certification-purple-arrows.png\u00a0\u00bb title_text=\u00a0\u00bbCRTO-certification-purple-arrows\u00a0\u00bb align=\u00a0\u00bbcenter\u00a0\u00bb _builder_version=\u00a0\u00bb4.16&Prime; _module_preset=\u00a0\u00bbdefault\u00a0\u00bb global_colors_info=\u00a0\u00bb{}\u00a0\u00bb][\/et_pb_image][\/et_pb_column][\/et_pb_row][et_pb_row _builder_version=\u00a0\u00bb4.16&Prime; _module_preset=\u00a0\u00bbdefault\u00a0\u00bb global_colors_info=\u00a0\u00bb{}\u00a0\u00bb][et_pb_column type=\u00a0\u00bb4_4&Prime; _builder_version=\u00a0\u00bb4.16&Prime; _module_preset=\u00a0\u00bbdefault\u00a0\u00bb global_colors_info=\u00a0\u00bb{}\u00a0\u00bb][et_pb_text admin_label=\u00a0\u00bbText\u00a0\u00bb _builder_version=\u00a0\u00bb4.27.4&Prime; _module_preset=\u00a0\u00bbdefault\u00a0\u00bb hover_enabled=\u00a0\u00bb0&Prime; global_colors_info=\u00a0\u00bb{}\u00a0\u00bb sticky_enabled=\u00a0\u00bb0&Prime;]<\/p>\n<h4 style=\"text-align: center;\"><strong>Le personnel de l\u2019OTRO communique la d\u00e9cision du Comit\u00e9 d\u2019inscription.<br \/>\n<\/strong><\/h4>\n<p>[\/et_pb_text][et_pb_image src=\u00a0\u00bbhttps:\/\/certification.crto.on.ca\/wp-content\/uploads\/sites\/6\/2021\/08\/CRTO-certification-purple-arrows.png\u00a0\u00bb title_text=\u00a0\u00bbCRTO-certification-purple-arrows\u00a0\u00bb align=\u00a0\u00bbcenter\u00a0\u00bb _builder_version=\u00a0\u00bb4.16&Prime; _module_preset=\u00a0\u00bbdefault\u00a0\u00bb global_colors_info=\u00a0\u00bb{}\u00a0\u00bb][\/et_pb_image][\/et_pb_column][\/et_pb_row][et_pb_row _builder_version=\u00a0\u00bb4.16&Prime; _module_preset=\u00a0\u00bbdefault\u00a0\u00bb global_colors_info=\u00a0\u00bb{}\u00a0\u00bb][et_pb_column type=\u00a0\u00bb4_4&Prime; _builder_version=\u00a0\u00bb4.16&Prime; _module_preset=\u00a0\u00bbdefault\u00a0\u00bb global_colors_info=\u00a0\u00bb{}\u00a0\u00bb][et_pb_text admin_label=\u00a0\u00bbText\u00a0\u00bb _builder_version=\u00a0\u00bb4.27.4&Prime; _module_preset=\u00a0\u00bbdefault\u00a0\u00bb hover_enabled=\u00a0\u00bb0&Prime; global_colors_info=\u00a0\u00bb{}\u00a0\u00bb sticky_enabled=\u00a0\u00bb0&Prime;]<\/p>\n<h4 style=\"text-align: center;\"><strong>L\u2019organisation peut mettre en place son programme d\u2019agr\u00e9ment.<br \/>\n<\/strong><\/h4>\n<p>[\/et_pb_text][\/et_pb_column][\/et_pb_row][\/et_pb_section][et_pb_section fb_built=\u00a0\u00bb1&Prime; inner_shadow=\u00a0\u00bbon\u00a0\u00bb _builder_version=\u00a0\u00bb4.16&Prime; _module_preset=\u00a0\u00bbdefault\u00a0\u00bb use_background_color_gradient=\u00a0\u00bbon\u00a0\u00bb background_color_gradient_type=\u00a0\u00bbcircular\u00a0\u00bb background_color_gradient_stops=\u00a0\u00bb#ffffff 53%|#ededed 100%\u00a0\u00bb background_color_gradient_start=\u00a0\u00bb#ffffff\u00a0\u00bb background_color_gradient_start_position=\u00a0\u00bb53%\u00a0\u00bb background_color_gradient_end=\u00a0\u00bb#ededed\u00a0\u00bb custom_padding=\u00a0\u00bb20px||20px||false|false\u00a0\u00bb global_colors_info=\u00a0\u00bb{}\u00a0\u00bb][et_pb_row column_structure=\u00a0\u00bb3_5,1_5,1_5&Prime; _builder_version=\u00a0\u00bb4.16&Prime; _module_preset=\u00a0\u00bbdefault\u00a0\u00bb global_colors_info=\u00a0\u00bb{}\u00a0\u00bb][et_pb_column type=\u00a0\u00bb3_5&Prime; _builder_version=\u00a0\u00bb4.16&Prime; _module_preset=\u00a0\u00bbdefault\u00a0\u00bb global_colors_info=\u00a0\u00bb{}\u00a0\u00bb][\/et_pb_column][et_pb_column type=\u00a0\u00bb1_5&Prime; _builder_version=\u00a0\u00bb4.16&Prime; _module_preset=\u00a0\u00bbdefault\u00a0\u00bb global_colors_info=\u00a0\u00bb{}\u00a0\u00bb][et_pb_button button_url=\u00a0\u00bbhttps:\/\/certification.crto.on.ca\/fr\/interpretation-of-evidence\/\u00a0\u00bb button_text=\u00a0\u00bbPr\u00e9c\u00e9dente\u00a0\u00bb button_alignment=\u00a0\u00bbleft\u00a0\u00bb admin_label=\u00a0\u00bbPrevious\u00a0\u00bb _builder_version=\u00a0\u00bb4.16&Prime; _dynamic_attributes=\u00a0\u00bbbutton_url\u00a0\u00bb _module_preset=\u00a0\u00bbdefault\u00a0\u00bb global_colors_info=\u00a0\u00bb{}\u00a0\u00bb][\/et_pb_button][\/et_pb_column][et_pb_column type=\u00a0\u00bb1_5&Prime; _builder_version=\u00a0\u00bb4.16&Prime; _module_preset=\u00a0\u00bbdefault\u00a0\u00bb global_colors_info=\u00a0\u00bb{}\u00a0\u00bb][et_pb_button button_url=\u00a0\u00bbhttps:\/\/certification.crto.on.ca\/fr\/additional-considerations\/\u00a0\u00bb button_text=\u00a0\u00bbSuivant\u00a0\u00bb button_alignment=\u00a0\u00bbleft\u00a0\u00bb admin_label=\u00a0\u00bbNext\u00a0\u00bb _builder_version=\u00a0\u00bb4.16&Prime; _dynamic_attributes=\u00a0\u00bbbutton_url\u00a0\u00bb _module_preset=\u00a0\u00bbdefault\u00a0\u00bb global_colors_info=\u00a0\u00bb{}\u00a0\u00bb][\/et_pb_button][\/et_pb_column][\/et_pb_row][\/et_pb_section]<\/p>\n","protected":false},"excerpt":{"rendered":"<p>Processus pour faire approuver un programme d\u2019agr\u00e9mentde l\u2019obtention de l\u2019approbation d\u2019un programme d\u2019agr\u00e9ment6. Processus pour faire approuver un programme d\u2019agr\u00e9mentL\u2019organisation \u00e9labore un programme d\u2019agr\u00e9ment. L\u2019organisation soumet \u00e0 l\u2019OTRO son programme d\u2019agr\u00e9ment et la liste de v\u00e9rification d\u00fbment remplie. Le personnel de l\u2019OTRO \u00e9value le programme et demande des renseignements suppl\u00e9mentaires au besoin. Le Comit\u00e9 d\u2019inscription [&hellip;]<\/p>\n","protected":false},"author":6,"featured_media":0,"parent":0,"menu_order":0,"comment_status":"closed","ping_status":"closed","template":"","meta":{"_et_pb_use_builder":"on","_et_pb_old_content":"","_et_gb_content_width":"","footnotes":""},"class_list":["post-3384","page","type-page","status-publish","hentry"],"yoast_head":"<!-- This site is optimized with the Yoast SEO plugin v26.9 - https:\/\/yoast.com\/product\/yoast-seo-wordpress\/ -->\n<title>Processus de l\u2019obtention de l\u2019approbation d\u2019un programme d\u2019agr\u00e9ment - Certification Programs for Advanced Prescribed Procedures Below the Dermis<\/title>\n<meta name=\"robots\" content=\"index, follow, max-snippet:-1, max-image-preview:large, max-video-preview:-1\" \/>\n<link rel=\"canonical\" href=\"https:\/\/certification.crto.on.ca\/fr\/process-for-obtaining-approval-for-a-certification-program\/\" \/>\n<meta property=\"og:locale\" content=\"fr_FR\" \/>\n<meta property=\"og:type\" content=\"article\" \/>\n<meta property=\"og:title\" content=\"Processus de l\u2019obtention de l\u2019approbation d\u2019un programme d\u2019agr\u00e9ment - Certification Programs for Advanced Prescribed Procedures Below the Dermis\" \/>\n<meta property=\"og:description\" content=\"Processus pour faire approuver un programme d\u2019agr\u00e9mentde l\u2019obtention de l\u2019approbation d\u2019un programme d\u2019agr\u00e9ment6. Processus pour faire approuver un programme d\u2019agr\u00e9mentL\u2019organisation \u00e9labore un programme d\u2019agr\u00e9ment. L\u2019organisation soumet \u00e0 l\u2019OTRO son programme d\u2019agr\u00e9ment et la liste de v\u00e9rification d\u00fbment remplie. Le personnel de l\u2019OTRO \u00e9value le programme et demande des renseignements suppl\u00e9mentaires au besoin. Le Comit\u00e9 d\u2019inscription [&hellip;]\" \/>\n<meta property=\"og:url\" content=\"https:\/\/certification.crto.on.ca\/fr\/process-for-obtaining-approval-for-a-certification-program\/\" \/>\n<meta property=\"og:site_name\" content=\"Certification Programs for Advanced Prescribed Procedures Below the Dermis\" \/>\n<meta property=\"article:modified_time\" content=\"2025-05-02T15:02:33+00:00\" \/>\n<meta name=\"twitter:card\" content=\"summary_large_image\" \/>\n<meta name=\"twitter:label1\" content=\"Est. reading time\" \/>\n\t<meta name=\"twitter:data1\" content=\"5 minutes\" \/>\n<script type=\"application\/ld+json\" class=\"yoast-schema-graph\">{\"@context\":\"https:\/\/schema.org\",\"@graph\":[{\"@type\":\"WebPage\",\"@id\":\"https:\/\/certification.crto.on.ca\/fr\/process-for-obtaining-approval-for-a-certification-program\/\",\"url\":\"https:\/\/certification.crto.on.ca\/fr\/process-for-obtaining-approval-for-a-certification-program\/\",\"name\":\"Processus de l\u2019obtention de l\u2019approbation d\u2019un programme d\u2019agr\u00e9ment - Certification Programs for Advanced Prescribed Procedures Below the Dermis\",\"isPartOf\":{\"@id\":\"https:\/\/certification.crto.on.ca\/#website\"},\"datePublished\":\"2021-08-04T04:57:47+00:00\",\"dateModified\":\"2025-05-02T15:02:33+00:00\",\"breadcrumb\":{\"@id\":\"https:\/\/certification.crto.on.ca\/fr\/process-for-obtaining-approval-for-a-certification-program\/#breadcrumb\"},\"inLanguage\":\"fr-FR\",\"potentialAction\":[{\"@type\":\"ReadAction\",\"target\":[\"https:\/\/certification.crto.on.ca\/fr\/process-for-obtaining-approval-for-a-certification-program\/\"]}]},{\"@type\":\"BreadcrumbList\",\"@id\":\"https:\/\/certification.crto.on.ca\/fr\/process-for-obtaining-approval-for-a-certification-program\/#breadcrumb\",\"itemListElement\":[{\"@type\":\"ListItem\",\"position\":1,\"name\":\"Home\",\"item\":\"https:\/\/certification.crto.on.ca\/fr\/4-2\/\"},{\"@type\":\"ListItem\",\"position\":2,\"name\":\"Processus de l\u2019obtention de l\u2019approbation d\u2019un programme d\u2019agr\u00e9ment\"}]},{\"@type\":\"WebSite\",\"@id\":\"https:\/\/certification.crto.on.ca\/#website\",\"url\":\"https:\/\/certification.crto.on.ca\/\",\"name\":\"Certification Programs for Advanced Prescribed Procedures Below the Dermis\",\"description\":\"Just another CRTO MicroSites site\",\"potentialAction\":[{\"@type\":\"SearchAction\",\"target\":{\"@type\":\"EntryPoint\",\"urlTemplate\":\"https:\/\/certification.crto.on.ca\/?s={search_term_string}\"},\"query-input\":{\"@type\":\"PropertyValueSpecification\",\"valueRequired\":true,\"valueName\":\"search_term_string\"}}],\"inLanguage\":\"fr-FR\"}]}<\/script>\n<!-- \/ Yoast SEO plugin. -->","yoast_head_json":{"title":"Processus de l\u2019obtention de l\u2019approbation d\u2019un programme d\u2019agr\u00e9ment - Certification Programs for Advanced Prescribed Procedures Below the Dermis","robots":{"index":"index","follow":"follow","max-snippet":"max-snippet:-1","max-image-preview":"max-image-preview:large","max-video-preview":"max-video-preview:-1"},"canonical":"https:\/\/certification.crto.on.ca\/fr\/process-for-obtaining-approval-for-a-certification-program\/","og_locale":"fr_FR","og_type":"article","og_title":"Processus de l\u2019obtention de l\u2019approbation d\u2019un programme d\u2019agr\u00e9ment - Certification Programs for Advanced Prescribed Procedures Below the Dermis","og_description":"Processus pour faire approuver un programme d\u2019agr\u00e9mentde l\u2019obtention de l\u2019approbation d\u2019un programme d\u2019agr\u00e9ment6. Processus pour faire approuver un programme d\u2019agr\u00e9mentL\u2019organisation \u00e9labore un programme d\u2019agr\u00e9ment. L\u2019organisation soumet \u00e0 l\u2019OTRO son programme d\u2019agr\u00e9ment et la liste de v\u00e9rification d\u00fbment remplie. Le personnel de l\u2019OTRO \u00e9value le programme et demande des renseignements suppl\u00e9mentaires au besoin. Le Comit\u00e9 d\u2019inscription [&hellip;]","og_url":"https:\/\/certification.crto.on.ca\/fr\/process-for-obtaining-approval-for-a-certification-program\/","og_site_name":"Certification Programs for Advanced Prescribed Procedures Below the Dermis","article_modified_time":"2025-05-02T15:02:33+00:00","twitter_card":"summary_large_image","twitter_misc":{"Est. reading time":"5 minutes"},"schema":{"@context":"https:\/\/schema.org","@graph":[{"@type":"WebPage","@id":"https:\/\/certification.crto.on.ca\/fr\/process-for-obtaining-approval-for-a-certification-program\/","url":"https:\/\/certification.crto.on.ca\/fr\/process-for-obtaining-approval-for-a-certification-program\/","name":"Processus de l\u2019obtention de l\u2019approbation d\u2019un programme d\u2019agr\u00e9ment - Certification Programs for Advanced Prescribed Procedures Below the Dermis","isPartOf":{"@id":"https:\/\/certification.crto.on.ca\/#website"},"datePublished":"2021-08-04T04:57:47+00:00","dateModified":"2025-05-02T15:02:33+00:00","breadcrumb":{"@id":"https:\/\/certification.crto.on.ca\/fr\/process-for-obtaining-approval-for-a-certification-program\/#breadcrumb"},"inLanguage":"fr-FR","potentialAction":[{"@type":"ReadAction","target":["https:\/\/certification.crto.on.ca\/fr\/process-for-obtaining-approval-for-a-certification-program\/"]}]},{"@type":"BreadcrumbList","@id":"https:\/\/certification.crto.on.ca\/fr\/process-for-obtaining-approval-for-a-certification-program\/#breadcrumb","itemListElement":[{"@type":"ListItem","position":1,"name":"Home","item":"https:\/\/certification.crto.on.ca\/fr\/4-2\/"},{"@type":"ListItem","position":2,"name":"Processus de l\u2019obtention de l\u2019approbation d\u2019un programme d\u2019agr\u00e9ment"}]},{"@type":"WebSite","@id":"https:\/\/certification.crto.on.ca\/#website","url":"https:\/\/certification.crto.on.ca\/","name":"Certification Programs for Advanced Prescribed Procedures Below the Dermis","description":"Just another CRTO MicroSites site","potentialAction":[{"@type":"SearchAction","target":{"@type":"EntryPoint","urlTemplate":"https:\/\/certification.crto.on.ca\/?s={search_term_string}"},"query-input":{"@type":"PropertyValueSpecification","valueRequired":true,"valueName":"search_term_string"}}],"inLanguage":"fr-FR"}]}},"_links":{"self":[{"href":"https:\/\/certification.crto.on.ca\/fr\/wp-json\/wp\/v2\/pages\/3384","targetHints":{"allow":["GET"]}}],"collection":[{"href":"https:\/\/certification.crto.on.ca\/fr\/wp-json\/wp\/v2\/pages"}],"about":[{"href":"https:\/\/certification.crto.on.ca\/fr\/wp-json\/wp\/v2\/types\/page"}],"author":[{"embeddable":true,"href":"https:\/\/certification.crto.on.ca\/fr\/wp-json\/wp\/v2\/users\/6"}],"replies":[{"embeddable":true,"href":"https:\/\/certification.crto.on.ca\/fr\/wp-json\/wp\/v2\/comments?post=3384"}],"version-history":[{"count":7,"href":"https:\/\/certification.crto.on.ca\/fr\/wp-json\/wp\/v2\/pages\/3384\/revisions"}],"predecessor-version":[{"id":3550,"href":"https:\/\/certification.crto.on.ca\/fr\/wp-json\/wp\/v2\/pages\/3384\/revisions\/3550"}],"wp:attachment":[{"href":"https:\/\/certification.crto.on.ca\/fr\/wp-json\/wp\/v2\/media?parent=3384"}],"curies":[{"name":"wp","href":"https:\/\/api.w.org\/{rel}","templated":true}]}}