{"id":3370,"date":"2021-08-04T02:11:45","date_gmt":"2021-08-04T02:11:45","guid":{"rendered":"https:\/\/certification.crto.on.ca\/certificates-of-registration-and-prescribed-procedures-below-the-dermis\/"},"modified":"2025-05-02T14:41:25","modified_gmt":"2025-05-02T14:41:25","slug":"certificates-of-registration-and-prescribed-procedures-below-the-dermis","status":"publish","type":"page","link":"https:\/\/certification.crto.on.ca\/fr\/certificates-of-registration-and-prescribed-procedures-below-the-dermis\/","title":{"rendered":"Les certificats d\u2019inscription et les proc\u00e9dures prescrites sous le derme"},"content":{"rendered":"<p>[et_pb_section fb_built=\u00a0\u00bb1&Prime; inner_shadow=\u00a0\u00bbon\u00a0\u00bb admin_label=\u00a0\u00bbsection\u00a0\u00bb _builder_version=\u00a0\u00bb4.16&Prime; use_background_color_gradient=\u00a0\u00bbon\u00a0\u00bb background_color_gradient_direction=\u00a0\u00bb260deg\u00a0\u00bb background_color_gradient_stops=\u00a0\u00bbrgba(255,255,255,0.21) 0%|#ffffff 100%\u00a0\u00bb background_color_gradient_overlays_image=\u00a0\u00bbon\u00a0\u00bb background_color_gradient_start=\u00a0\u00bbrgba(255,255,255,0.21)\u00a0\u00bb background_color_gradient_end=\u00a0\u00bb#ffffff\u00a0\u00bb background_image=\u00a0\u00bbhttps:\/\/certification.crto.on.ca\/wp-content\/uploads\/sites\/6\/2021\/08\/crt-3.jpg\u00a0\u00bb custom_margin=\u00a0\u00bb||-6px||false|false\u00a0\u00bb custom_padding=\u00a0\u00bb50px||50px||false|false\u00a0\u00bb global_colors_info=\u00a0\u00bb{}\u00a0\u00bb][et_pb_row admin_label=\u00a0\u00bbrow\u00a0\u00bb _builder_version=\u00a0\u00bb4.16&Prime; background_size=\u00a0\u00bbinitial\u00a0\u00bb background_position=\u00a0\u00bbtop_left\u00a0\u00bb background_repeat=\u00a0\u00bbrepeat\u00a0\u00bb custom_padding=\u00a0\u00bb100px||100px||false|false\u00a0\u00bb global_colors_info=\u00a0\u00bb{}\u00a0\u00bb][et_pb_column type=\u00a0\u00bb4_4&Prime; _builder_version=\u00a0\u00bb4.16&Prime; custom_padding=\u00a0\u00bb|||\u00a0\u00bb global_colors_info=\u00a0\u00bb{}\u00a0\u00bb custom_padding__hover=\u00a0\u00bb|||\u00a0\u00bb][et_pb_text admin_label=\u00a0\u00bbTITLE\u00a0\u00bb _builder_version=\u00a0\u00bb4.27.4&Prime; _module_preset=\u00a0\u00bbdefault\u00a0\u00bb width=\u00a0\u00bb60%\u00a0\u00bb module_alignment=\u00a0\u00bbleft\u00a0\u00bb hover_enabled=\u00a0\u00bb0&Prime; global_colors_info=\u00a0\u00bb{}\u00a0\u00bb sticky_enabled=\u00a0\u00bb0&Prime;]<\/p>\n<h1><strong>Certificats d\u2019inscription et proc\u00e9dures prescrites sous le derme<\/strong><\/h1>\n<p>[\/et_pb_text][\/et_pb_column][\/et_pb_row][\/et_pb_section][et_pb_section fb_built=\u00a0\u00bb1&Prime; _builder_version=\u00a0\u00bb4.16&Prime; _module_preset=\u00a0\u00bbdefault\u00a0\u00bb background_image=\u00a0\u00bbhttps:\/\/certification.crto.on.ca\/wp-content\/uploads\/sites\/6\/2021\/08\/crto-patternpurple-tall.jpg\u00a0\u00bb background_position=\u00a0\u00bbbottom_left\u00a0\u00bb custom_padding=\u00a0\u00bb||||false|false\u00a0\u00bb border_width_top=\u00a0\u00bb3px\u00a0\u00bb border_color_top=\u00a0\u00bb#696BAE\u00a0\u00bb border_width_bottom=\u00a0\u00bb3px\u00a0\u00bb border_color_bottom=\u00a0\u00bb#696BAE\u00a0\u00bb global_colors_info=\u00a0\u00bb{}\u00a0\u00bb][et_pb_row column_structure=\u00a0\u00bb1_3,2_3&Prime; module_id=\u00a0\u00bbRRT\u00a0\u00bb _builder_version=\u00a0\u00bb4.16&Prime; _module_preset=\u00a0\u00bbdefault\u00a0\u00bb custom_padding=\u00a0\u00bb||||false|false\u00a0\u00bb global_colors_info=\u00a0\u00bb{}\u00a0\u00bb][et_pb_column type=\u00a0\u00bb1_3&Prime; _builder_version=\u00a0\u00bb4.16&Prime; _module_preset=\u00a0\u00bbdefault\u00a0\u00bb global_colors_info=\u00a0\u00bb{}\u00a0\u00bb][et_pb_text _builder_version=\u00a0\u00bb4.27.4&Prime; _module_preset=\u00a0\u00bbdefault\u00a0\u00bb header_font_size=\u00a0\u00bb45px\u00a0\u00bb global_colors_info=\u00a0\u00bb{}\u00a0\u00bb]<\/p>\n<h2><strong>3.1. Th\u00e9rapeutes respiratoires autoris\u00e9s (RRT)<\/strong><\/h2>\n<p>[\/et_pb_text][et_pb_divider show_divider=\u00a0\u00bboff\u00a0\u00bb _builder_version=\u00a0\u00bb4.16&Prime; _module_preset=\u00a0\u00bbdefault\u00a0\u00bb height=\u00a0\u00bb0px\u00a0\u00bb custom_margin=\u00a0\u00bb||15px||false|false\u00a0\u00bb global_colors_info=\u00a0\u00bb{}\u00a0\u00bb][\/et_pb_divider][\/et_pb_column][et_pb_column type=\u00a0\u00bb2_3&Prime; _builder_version=\u00a0\u00bb4.16&Prime; _module_preset=\u00a0\u00bbdefault\u00a0\u00bb global_colors_info=\u00a0\u00bb{}\u00a0\u00bb][et_pb_text _builder_version=\u00a0\u00bb4.27.4&Prime; _module_preset=\u00a0\u00bbdefault\u00a0\u00bb header_font_size=\u00a0\u00bb45px\u00a0\u00bb global_colors_info=\u00a0\u00bb{}\u00a0\u00bb]<\/p>\n<p>(Certificat d\u2019inscription de membre g\u00e9n\u00e9ral)<\/p>\n<p>Les th\u00e9rapeutes respiratoires d\u00e9tenant un certificat d\u2019inscription de membre g\u00e9n\u00e9ral peuvent r\u00e9aliser des proc\u00e9dures prescrites de base sous le derme. Ils peuvent \u00e9galement r\u00e9aliser les proc\u00e9dures prescrites avanc\u00e9es, sous r\u00e9serve des conditions et restrictions \u00e9tablies par leur certificat d\u2019inscription, pourvu qu\u2019ils aient r\u00e9ussi un programme approuv\u00e9 d\u2019agr\u00e9ment ou de renouvellement de l\u2019agr\u00e9ment pour la proc\u00e9dure en question dans les deux derni\u00e8res ann\u00e9es.<\/p>\n<p>[\/et_pb_text][\/et_pb_column][\/et_pb_row][et_pb_row column_structure=\u00a0\u00bb1_3,2_3&Prime; module_id=\u00a0\u00bbGRT\u00a0\u00bb _builder_version=\u00a0\u00bb4.16&Prime; _module_preset=\u00a0\u00bbdefault\u00a0\u00bb custom_padding=\u00a0\u00bb||||false|false\u00a0\u00bb global_colors_info=\u00a0\u00bb{}\u00a0\u00bb][et_pb_column type=\u00a0\u00bb1_3&Prime; _builder_version=\u00a0\u00bb4.16&Prime; _module_preset=\u00a0\u00bbdefault\u00a0\u00bb global_colors_info=\u00a0\u00bb{}\u00a0\u00bb][et_pb_text _builder_version=\u00a0\u00bb4.27.4&Prime; _module_preset=\u00a0\u00bbdefault\u00a0\u00bb header_font_size=\u00a0\u00bb45px\u00a0\u00bb global_colors_info=\u00a0\u00bb{}\u00a0\u00bb]<\/p>\n<h2><strong>3.2. Th\u00e9rapeutes respiratoires dipl\u00f4m\u00e9s (GRT)<\/strong><\/h2>\n<p>[\/et_pb_text][et_pb_divider show_divider=\u00a0\u00bboff\u00a0\u00bb _builder_version=\u00a0\u00bb4.16&Prime; _module_preset=\u00a0\u00bbdefault\u00a0\u00bb height=\u00a0\u00bb0px\u00a0\u00bb custom_margin=\u00a0\u00bb||15px||false|false\u00a0\u00bb global_colors_info=\u00a0\u00bb{}\u00a0\u00bb][\/et_pb_divider][\/et_pb_column][et_pb_column type=\u00a0\u00bb2_3&Prime; _builder_version=\u00a0\u00bb4.16&Prime; _module_preset=\u00a0\u00bbdefault\u00a0\u00bb global_colors_info=\u00a0\u00bb{}\u00a0\u00bb][et_pb_text _builder_version=\u00a0\u00bb4.27.4&Prime; _module_preset=\u00a0\u00bbdefault\u00a0\u00bb header_font_size=\u00a0\u00bb45px\u00a0\u00bb global_colors_info=\u00a0\u00bb{}\u00a0\u00bb]<\/p>\n<p>(Certificat d\u2019inscription de membre dipl\u00f4m\u00e9)<\/p>\n<p>Les th\u00e9rapeutes respiratoires dipl\u00f4m\u00e9s peuvent effectuer les proc\u00e9dures prescrites de base sous le derme, sous supervision. En revanche, ils ne sont pas autoris\u00e9s \u00e0 r\u00e9aliser les proc\u00e9dures avanc\u00e9es, m\u00eame s\u2019ils ont r\u00e9ussi un programme d\u2019agr\u00e9ment approuv\u00e9.<\/p>\n<p>[\/et_pb_text][\/et_pb_column][\/et_pb_row][et_pb_row column_structure=\u00a0\u00bb1_3,2_3&Prime; module_id=\u00a0\u00bbPRT\u00a0\u00bb _builder_version=\u00a0\u00bb4.16&Prime; _module_preset=\u00a0\u00bbdefault\u00a0\u00bb custom_padding=\u00a0\u00bb||||false|false\u00a0\u00bb global_colors_info=\u00a0\u00bb{}\u00a0\u00bb][et_pb_column type=\u00a0\u00bb1_3&Prime; _builder_version=\u00a0\u00bb4.16&Prime; _module_preset=\u00a0\u00bbdefault\u00a0\u00bb global_colors_info=\u00a0\u00bb{}\u00a0\u00bb][et_pb_text _builder_version=\u00a0\u00bb4.27.4&Prime; _module_preset=\u00a0\u00bbdefault\u00a0\u00bb header_font_size=\u00a0\u00bb45px\u00a0\u00bb global_colors_info=\u00a0\u00bb{}\u00a0\u00bb]<\/p>\n<h2><strong>3.3. Th\u00e9rapeutes respiratoires auxiliaires (PRT)<\/strong><\/h2>\n<p>[\/et_pb_text][et_pb_divider show_divider=\u00a0\u00bboff\u00a0\u00bb _builder_version=\u00a0\u00bb4.16&Prime; _module_preset=\u00a0\u00bbdefault\u00a0\u00bb height=\u00a0\u00bb0px\u00a0\u00bb custom_margin=\u00a0\u00bb||15px||false|false\u00a0\u00bb global_colors_info=\u00a0\u00bb{}\u00a0\u00bb][\/et_pb_divider][\/et_pb_column][et_pb_column type=\u00a0\u00bb2_3&Prime; _builder_version=\u00a0\u00bb4.16&Prime; _module_preset=\u00a0\u00bbdefault\u00a0\u00bb global_colors_info=\u00a0\u00bb{}\u00a0\u00bb][et_pb_text _builder_version=\u00a0\u00bb4.27.4&Prime; _module_preset=\u00a0\u00bbdefault\u00a0\u00bb header_font_size=\u00a0\u00bb45px\u00a0\u00bb global_colors_info=\u00a0\u00bb{}\u00a0\u00bb]<\/p>\n<p>(Certificat d\u2019inscription de membre auxiliaire)<\/p>\n<p>Les th\u00e9rapeutes respiratoires auxiliaires ne sont pas autoris\u00e9s \u00e0 effectuer les proc\u00e9dures prescrites avanc\u00e9es sous le derme, et ne peuvent r\u00e9aliser les proc\u00e9dures de base que si les conditions et restrictions de leur certificat d\u2019inscription les y autorisent.<\/p>\n<p>[\/et_pb_text][\/et_pb_column][\/et_pb_row][et_pb_row column_structure=\u00a0\u00bb1_3,2_3&Prime; module_id=\u00a0\u00bbPRT\u00a0\u00bb _builder_version=\u00a0\u00bb4.16&Prime; _module_preset=\u00a0\u00bbdefault\u00a0\u00bb custom_padding=\u00a0\u00bb||||false|false\u00a0\u00bb global_colors_info=\u00a0\u00bb{}\u00a0\u00bb][et_pb_column type=\u00a0\u00bb1_3&Prime; _builder_version=\u00a0\u00bb4.16&Prime; _module_preset=\u00a0\u00bbdefault\u00a0\u00bb global_colors_info=\u00a0\u00bb{}\u00a0\u00bb][et_pb_text _builder_version=\u00a0\u00bb4.27.4&Prime; _module_preset=\u00a0\u00bbdefault\u00a0\u00bb header_font_size=\u00a0\u00bb45px\u00a0\u00bb global_colors_info=\u00a0\u00bb{}\u00a0\u00bb]<\/p>\n<h2><strong>3.4. Th\u00e9rapeutes respiratoires (urgence) [RT(E)]<\/strong><\/h2>\n<p>[\/et_pb_text][et_pb_divider show_divider=\u00a0\u00bboff\u00a0\u00bb _builder_version=\u00a0\u00bb4.16&Prime; _module_preset=\u00a0\u00bbdefault\u00a0\u00bb height=\u00a0\u00bb0px\u00a0\u00bb custom_margin=\u00a0\u00bb||15px||false|false\u00a0\u00bb global_colors_info=\u00a0\u00bb{}\u00a0\u00bb][\/et_pb_divider][\/et_pb_column][et_pb_column type=\u00a0\u00bb2_3&Prime; _builder_version=\u00a0\u00bb4.16&Prime; _module_preset=\u00a0\u00bbdefault\u00a0\u00bb global_colors_info=\u00a0\u00bb{}\u00a0\u00bb][et_pb_text _builder_version=\u00a0\u00bb4.27.4&Prime; _module_preset=\u00a0\u00bbdefault\u00a0\u00bb header_font_size=\u00a0\u00bb45px\u00a0\u00bb global_colors_info=\u00a0\u00bb{}\u00a0\u00bb]<\/p>\n<p>(Certificat d\u2019inscription d\u2019urgence)<\/p>\n<p>Les membres d\u00e9tenant un certificat d\u2019inscription d\u2019urgence sont autoris\u00e9s \u00e0 r\u00e9aliser les proc\u00e9dures prescrites de base sous le derme, sous supervision. Il en va de m\u00eame pour les proc\u00e9dures avanc\u00e9es : leur certificat leur permet de les effectuer sous supervision (sous r\u00e9serve des conditions et restrictions de leur certificat), mais il leur faut avoir r\u00e9ussi un programme approuv\u00e9 d\u2019agr\u00e9ment ou de renouvellement de l\u2019agr\u00e9ment pour la proc\u00e9dure en question dans les deux derni\u00e8res ann\u00e9es.<\/p>\n<p>[\/et_pb_text][\/et_pb_column][\/et_pb_row][et_pb_row column_structure=\u00a0\u00bb1_3,2_3&Prime; module_id=\u00a0\u00bbtable1&Prime; _builder_version=\u00a0\u00bb4.16&Prime; _module_preset=\u00a0\u00bbdefault\u00a0\u00bb custom_padding=\u00a0\u00bb||||false|false\u00a0\u00bb global_colors_info=\u00a0\u00bb{}\u00a0\u00bb][et_pb_column type=\u00a0\u00bb1_3&Prime; _builder_version=\u00a0\u00bb4.16&Prime; _module_preset=\u00a0\u00bbdefault\u00a0\u00bb global_colors_info=\u00a0\u00bb{}\u00a0\u00bb][et_pb_divider show_divider=\u00a0\u00bboff\u00a0\u00bb _builder_version=\u00a0\u00bb4.16&Prime; _module_preset=\u00a0\u00bbdefault\u00a0\u00bb height=\u00a0\u00bb0px\u00a0\u00bb custom_margin=\u00a0\u00bb||15px||false|false\u00a0\u00bb global_colors_info=\u00a0\u00bb{}\u00a0\u00bb][\/et_pb_divider][\/et_pb_column][et_pb_column type=\u00a0\u00bb2_3&Prime; _builder_version=\u00a0\u00bb4.16&Prime; _module_preset=\u00a0\u00bbdefault\u00a0\u00bb global_colors_info=\u00a0\u00bb{}\u00a0\u00bb][et_pb_text _builder_version=\u00a0\u00bb4.27.4&Prime; _module_preset=\u00a0\u00bbdefault\u00a0\u00bb header_font_size=\u00a0\u00bb45px\u00a0\u00bb global_colors_info=\u00a0\u00bb{}\u00a0\u00bb]<\/p>\n<h3>Tableau 1: Certificat d\u2019inscription et proc\u00e9dures prescrites sous le derme<\/h3>\n<p>[\/et_pb_text][et_pb_text _builder_version=\u00a0\u00bb4.27.4&Prime; _module_preset=\u00a0\u00bbdefault\u00a0\u00bb header_font_size=\u00a0\u00bb45px\u00a0\u00bb global_colors_info=\u00a0\u00bb{}\u00a0\u00bb]<\/p>\n\n<table id=\"tablepress-3\" class=\"tablepress tablepress-id-3\">\n<thead>\n<tr class=\"row-1\">\n\t<th class=\"column-1\">Proc\u00e9dures<\/th><th class=\"column-2\">RRT<\/th><th class=\"column-3\">GRT*<\/th><th class=\"column-4\">RT (E)**<\/th><th class=\"column-5\">PRT**<\/th>\n<\/tr>\n<\/thead>\n<tbody class=\"row-striping row-hover\">\n<tr class=\"row-2\">\n\t<td class=\"column-1\">1. Proc\u00e9dures prescrites de base<\/td><td class=\"column-2\">\u2713<\/td><td class=\"column-3\">\u2713<\/td><td class=\"column-4\">\u2713<\/td><td class=\"column-5\">**<\/td>\n<\/tr>\n<tr class=\"row-3\">\n\t<td class=\"column-1\">2. Proc\u00e9dures prescrites avanc\u00e9es<\/td><td class=\"column-2\">\u2713<\/td><td class=\"column-3\"><\/td><td class=\"column-4\">\u2713<\/td><td class=\"column-5\"><\/td>\n<\/tr>\n<\/tbody>\n<\/table>\n<!-- #tablepress-3 from cache -->\n<p>* Les GRT ne peuvent effectuer des actes autoris\u00e9s que sous supervision, et ne sont pas autoris\u00e9s \u00e0 en d\u00e9l\u00e9guer.<br \/>** Les RT(E) ne peuvent effectuer des actes autoris\u00e9s que sous supervision.<br \/>*** Les PRT ne peuvent effectuer que les proc\u00e9dures prescrites de base, sous r\u00e9serve des conditions et restrictions de leur certificat d\u2019inscription.<\/p>\n<p>[\/et_pb_text][\/et_pb_column][\/et_pb_row][\/et_pb_section][et_pb_section fb_built=\u00a0\u00bb1&Prime; inner_shadow=\u00a0\u00bbon\u00a0\u00bb _builder_version=\u00a0\u00bb4.16&Prime; _module_preset=\u00a0\u00bbdefault\u00a0\u00bb use_background_color_gradient=\u00a0\u00bbon\u00a0\u00bb background_color_gradient_type=\u00a0\u00bbcircular\u00a0\u00bb background_color_gradient_stops=\u00a0\u00bb#ffffff 53%|#ededed 100%\u00a0\u00bb background_color_gradient_start=\u00a0\u00bb#ffffff\u00a0\u00bb background_color_gradient_start_position=\u00a0\u00bb53%\u00a0\u00bb background_color_gradient_end=\u00a0\u00bb#ededed\u00a0\u00bb custom_padding=\u00a0\u00bb20px||20px||false|false\u00a0\u00bb global_colors_info=\u00a0\u00bb{}\u00a0\u00bb][et_pb_row column_structure=\u00a0\u00bb3_5,1_5,1_5&Prime; _builder_version=\u00a0\u00bb4.16&Prime; _module_preset=\u00a0\u00bbdefault\u00a0\u00bb global_colors_info=\u00a0\u00bb{}\u00a0\u00bb][et_pb_column type=\u00a0\u00bb3_5&Prime; _builder_version=\u00a0\u00bb4.16&Prime; _module_preset=\u00a0\u00bbdefault\u00a0\u00bb global_colors_info=\u00a0\u00bb{}\u00a0\u00bb][\/et_pb_column][et_pb_column type=\u00a0\u00bb1_5&Prime; _builder_version=\u00a0\u00bb4.16&Prime; _module_preset=\u00a0\u00bbdefault\u00a0\u00bb global_colors_info=\u00a0\u00bb{}\u00a0\u00bb][et_pb_button button_url=\u00a0\u00bbhttps:\/\/certification.crto.on.ca\/fr\/requirements-when-performing-procedures-below-the-dermis\/\u00a0\u00bb button_text=\u00a0\u00bbPr\u00e9c\u00e9dente\u00a0\u00bb button_alignment=\u00a0\u00bbleft\u00a0\u00bb admin_label=\u00a0\u00bbPrevious\u00a0\u00bb _builder_version=\u00a0\u00bb4.16&Prime; _dynamic_attributes=\u00a0\u00bbbutton_url\u00a0\u00bb _module_preset=\u00a0\u00bbdefault\u00a0\u00bb global_colors_info=\u00a0\u00bb{}\u00a0\u00bb][\/et_pb_button][\/et_pb_column][et_pb_column type=\u00a0\u00bb1_5&Prime; _builder_version=\u00a0\u00bb4.16&Prime; _module_preset=\u00a0\u00bbdefault\u00a0\u00bb global_colors_info=\u00a0\u00bb{}\u00a0\u00bb][et_pb_button button_url=\u00a0\u00bbhttps:\/\/certification.crto.on.ca\/fr\/certification-and-recertification-for-advanced-procedures-below-the-dermis\/\u00a0\u00bb button_text=\u00a0\u00bbSuivant\u00a0\u00bb button_alignment=\u00a0\u00bbleft\u00a0\u00bb admin_label=\u00a0\u00bbNext\u00a0\u00bb _builder_version=\u00a0\u00bb4.16&Prime; _dynamic_attributes=\u00a0\u00bbbutton_url\u00a0\u00bb _module_preset=\u00a0\u00bbdefault\u00a0\u00bb global_colors_info=\u00a0\u00bb{}\u00a0\u00bb][\/et_pb_button][\/et_pb_column][\/et_pb_row][\/et_pb_section]<\/p>\n","protected":false},"excerpt":{"rendered":"<p>Certificats d\u2019inscription et proc\u00e9dures prescrites sous le derme3.1. Th\u00e9rapeutes respiratoires autoris\u00e9s (RRT)(Certificat d\u2019inscription de membre g\u00e9n\u00e9ral) Les th\u00e9rapeutes respiratoires d\u00e9tenant un certificat d\u2019inscription de membre g\u00e9n\u00e9ral peuvent r\u00e9aliser des proc\u00e9dures prescrites de base sous le derme. Ils peuvent \u00e9galement r\u00e9aliser les proc\u00e9dures prescrites avanc\u00e9es, sous r\u00e9serve des conditions et restrictions \u00e9tablies par leur certificat d\u2019inscription, [&hellip;]<\/p>\n","protected":false},"author":6,"featured_media":0,"parent":0,"menu_order":0,"comment_status":"closed","ping_status":"closed","template":"","meta":{"_et_pb_use_builder":"on","_et_pb_old_content":"","_et_gb_content_width":"","footnotes":""},"class_list":["post-3370","page","type-page","status-publish","hentry"],"yoast_head":"<!-- This site is optimized with the Yoast SEO plugin v26.9 - https:\/\/yoast.com\/product\/yoast-seo-wordpress\/ -->\n<title>Les certificats d\u2019inscription et les proc\u00e9dures prescrites sous le derme - Certification Programs for Advanced Prescribed Procedures Below the Dermis<\/title>\n<meta name=\"robots\" content=\"index, follow, max-snippet:-1, max-image-preview:large, max-video-preview:-1\" \/>\n<link rel=\"canonical\" href=\"https:\/\/certification.crto.on.ca\/fr\/certificates-of-registration-and-prescribed-procedures-below-the-dermis\/\" \/>\n<meta property=\"og:locale\" content=\"fr_FR\" \/>\n<meta property=\"og:type\" content=\"article\" \/>\n<meta property=\"og:title\" content=\"Les certificats d\u2019inscription et les proc\u00e9dures prescrites sous le derme - Certification Programs for Advanced Prescribed Procedures Below the Dermis\" \/>\n<meta property=\"og:description\" content=\"Certificats d\u2019inscription et proc\u00e9dures prescrites sous le derme3.1. Th\u00e9rapeutes respiratoires autoris\u00e9s (RRT)(Certificat d\u2019inscription de membre g\u00e9n\u00e9ral) Les th\u00e9rapeutes respiratoires d\u00e9tenant un certificat d\u2019inscription de membre g\u00e9n\u00e9ral peuvent r\u00e9aliser des proc\u00e9dures prescrites de base sous le derme. Ils peuvent \u00e9galement r\u00e9aliser les proc\u00e9dures prescrites avanc\u00e9es, sous r\u00e9serve des conditions et restrictions \u00e9tablies par leur certificat d\u2019inscription, [&hellip;]\" \/>\n<meta property=\"og:url\" content=\"https:\/\/certification.crto.on.ca\/fr\/certificates-of-registration-and-prescribed-procedures-below-the-dermis\/\" \/>\n<meta property=\"og:site_name\" content=\"Certification Programs for Advanced Prescribed Procedures Below the Dermis\" \/>\n<meta property=\"article:modified_time\" content=\"2025-05-02T14:41:25+00:00\" \/>\n<meta name=\"twitter:card\" content=\"summary_large_image\" \/>\n<meta name=\"twitter:label1\" content=\"Est. reading time\" \/>\n\t<meta name=\"twitter:data1\" content=\"7 minutes\" \/>\n<script type=\"application\/ld+json\" class=\"yoast-schema-graph\">{\"@context\":\"https:\/\/schema.org\",\"@graph\":[{\"@type\":\"WebPage\",\"@id\":\"https:\/\/certification.crto.on.ca\/fr\/certificates-of-registration-and-prescribed-procedures-below-the-dermis\/\",\"url\":\"https:\/\/certification.crto.on.ca\/fr\/certificates-of-registration-and-prescribed-procedures-below-the-dermis\/\",\"name\":\"Les certificats d\u2019inscription et les proc\u00e9dures prescrites sous le derme - Certification Programs for Advanced Prescribed Procedures Below the Dermis\",\"isPartOf\":{\"@id\":\"https:\/\/certification.crto.on.ca\/#website\"},\"datePublished\":\"2021-08-04T02:11:45+00:00\",\"dateModified\":\"2025-05-02T14:41:25+00:00\",\"breadcrumb\":{\"@id\":\"https:\/\/certification.crto.on.ca\/fr\/certificates-of-registration-and-prescribed-procedures-below-the-dermis\/#breadcrumb\"},\"inLanguage\":\"fr-FR\",\"potentialAction\":[{\"@type\":\"ReadAction\",\"target\":[\"https:\/\/certification.crto.on.ca\/fr\/certificates-of-registration-and-prescribed-procedures-below-the-dermis\/\"]}]},{\"@type\":\"BreadcrumbList\",\"@id\":\"https:\/\/certification.crto.on.ca\/fr\/certificates-of-registration-and-prescribed-procedures-below-the-dermis\/#breadcrumb\",\"itemListElement\":[{\"@type\":\"ListItem\",\"position\":1,\"name\":\"Home\",\"item\":\"https:\/\/certification.crto.on.ca\/fr\/4-2\/\"},{\"@type\":\"ListItem\",\"position\":2,\"name\":\"Les certificats d\u2019inscription et les proc\u00e9dures prescrites sous le derme\"}]},{\"@type\":\"WebSite\",\"@id\":\"https:\/\/certification.crto.on.ca\/#website\",\"url\":\"https:\/\/certification.crto.on.ca\/\",\"name\":\"Certification Programs for Advanced Prescribed Procedures Below the Dermis\",\"description\":\"Just another CRTO MicroSites site\",\"potentialAction\":[{\"@type\":\"SearchAction\",\"target\":{\"@type\":\"EntryPoint\",\"urlTemplate\":\"https:\/\/certification.crto.on.ca\/?s={search_term_string}\"},\"query-input\":{\"@type\":\"PropertyValueSpecification\",\"valueRequired\":true,\"valueName\":\"search_term_string\"}}],\"inLanguage\":\"fr-FR\"}]}<\/script>\n<!-- \/ Yoast SEO plugin. -->","yoast_head_json":{"title":"Les certificats d\u2019inscription et les proc\u00e9dures prescrites sous le derme - Certification Programs for Advanced Prescribed Procedures Below the Dermis","robots":{"index":"index","follow":"follow","max-snippet":"max-snippet:-1","max-image-preview":"max-image-preview:large","max-video-preview":"max-video-preview:-1"},"canonical":"https:\/\/certification.crto.on.ca\/fr\/certificates-of-registration-and-prescribed-procedures-below-the-dermis\/","og_locale":"fr_FR","og_type":"article","og_title":"Les certificats d\u2019inscription et les proc\u00e9dures prescrites sous le derme - Certification Programs for Advanced Prescribed Procedures Below the Dermis","og_description":"Certificats d\u2019inscription et proc\u00e9dures prescrites sous le derme3.1. Th\u00e9rapeutes respiratoires autoris\u00e9s (RRT)(Certificat d\u2019inscription de membre g\u00e9n\u00e9ral) Les th\u00e9rapeutes respiratoires d\u00e9tenant un certificat d\u2019inscription de membre g\u00e9n\u00e9ral peuvent r\u00e9aliser des proc\u00e9dures prescrites de base sous le derme. Ils peuvent \u00e9galement r\u00e9aliser les proc\u00e9dures prescrites avanc\u00e9es, sous r\u00e9serve des conditions et restrictions \u00e9tablies par leur certificat d\u2019inscription, [&hellip;]","og_url":"https:\/\/certification.crto.on.ca\/fr\/certificates-of-registration-and-prescribed-procedures-below-the-dermis\/","og_site_name":"Certification Programs for Advanced Prescribed Procedures Below the Dermis","article_modified_time":"2025-05-02T14:41:25+00:00","twitter_card":"summary_large_image","twitter_misc":{"Est. reading time":"7 minutes"},"schema":{"@context":"https:\/\/schema.org","@graph":[{"@type":"WebPage","@id":"https:\/\/certification.crto.on.ca\/fr\/certificates-of-registration-and-prescribed-procedures-below-the-dermis\/","url":"https:\/\/certification.crto.on.ca\/fr\/certificates-of-registration-and-prescribed-procedures-below-the-dermis\/","name":"Les certificats d\u2019inscription et les proc\u00e9dures prescrites sous le derme - Certification Programs for Advanced Prescribed Procedures Below the Dermis","isPartOf":{"@id":"https:\/\/certification.crto.on.ca\/#website"},"datePublished":"2021-08-04T02:11:45+00:00","dateModified":"2025-05-02T14:41:25+00:00","breadcrumb":{"@id":"https:\/\/certification.crto.on.ca\/fr\/certificates-of-registration-and-prescribed-procedures-below-the-dermis\/#breadcrumb"},"inLanguage":"fr-FR","potentialAction":[{"@type":"ReadAction","target":["https:\/\/certification.crto.on.ca\/fr\/certificates-of-registration-and-prescribed-procedures-below-the-dermis\/"]}]},{"@type":"BreadcrumbList","@id":"https:\/\/certification.crto.on.ca\/fr\/certificates-of-registration-and-prescribed-procedures-below-the-dermis\/#breadcrumb","itemListElement":[{"@type":"ListItem","position":1,"name":"Home","item":"https:\/\/certification.crto.on.ca\/fr\/4-2\/"},{"@type":"ListItem","position":2,"name":"Les certificats d\u2019inscription et les proc\u00e9dures prescrites sous le derme"}]},{"@type":"WebSite","@id":"https:\/\/certification.crto.on.ca\/#website","url":"https:\/\/certification.crto.on.ca\/","name":"Certification Programs for Advanced Prescribed Procedures Below the Dermis","description":"Just another CRTO MicroSites site","potentialAction":[{"@type":"SearchAction","target":{"@type":"EntryPoint","urlTemplate":"https:\/\/certification.crto.on.ca\/?s={search_term_string}"},"query-input":{"@type":"PropertyValueSpecification","valueRequired":true,"valueName":"search_term_string"}}],"inLanguage":"fr-FR"}]}},"_links":{"self":[{"href":"https:\/\/certification.crto.on.ca\/fr\/wp-json\/wp\/v2\/pages\/3370","targetHints":{"allow":["GET"]}}],"collection":[{"href":"https:\/\/certification.crto.on.ca\/fr\/wp-json\/wp\/v2\/pages"}],"about":[{"href":"https:\/\/certification.crto.on.ca\/fr\/wp-json\/wp\/v2\/types\/page"}],"author":[{"embeddable":true,"href":"https:\/\/certification.crto.on.ca\/fr\/wp-json\/wp\/v2\/users\/6"}],"replies":[{"embeddable":true,"href":"https:\/\/certification.crto.on.ca\/fr\/wp-json\/wp\/v2\/comments?post=3370"}],"version-history":[{"count":6,"href":"https:\/\/certification.crto.on.ca\/fr\/wp-json\/wp\/v2\/pages\/3370\/revisions"}],"predecessor-version":[{"id":3539,"href":"https:\/\/certification.crto.on.ca\/fr\/wp-json\/wp\/v2\/pages\/3370\/revisions\/3539"}],"wp:attachment":[{"href":"https:\/\/certification.crto.on.ca\/fr\/wp-json\/wp\/v2\/media?parent=3370"}],"curies":[{"name":"wp","href":"https:\/\/api.w.org\/{rel}","templated":true}]}}