{"id":3349,"date":"2021-08-04T01:21:12","date_gmt":"2021-08-04T01:21:12","guid":{"rendered":"https:\/\/certification.crto.on.ca\/requirements-when-performing-procedures-below-the-dermis\/"},"modified":"2025-05-02T14:31:34","modified_gmt":"2025-05-02T14:31:34","slug":"requirements-when-performing-procedures-below-the-dermis","status":"publish","type":"page","link":"https:\/\/certification.crto.on.ca\/fr\/requirements-when-performing-procedures-below-the-dermis\/","title":{"rendered":"Exigences relatives \u00e0 l\u2019ex\u00e9cution d\u2019une proc\u00e9dure prescrite sous le derme"},"content":{"rendered":"<p>[et_pb_section fb_built=\u00a0\u00bb1&Prime; inner_shadow=\u00a0\u00bbon\u00a0\u00bb admin_label=\u00a0\u00bbsection\u00a0\u00bb _builder_version=\u00a0\u00bb4.16&Prime; use_background_color_gradient=\u00a0\u00bbon\u00a0\u00bb background_color_gradient_direction=\u00a0\u00bb90deg\u00a0\u00bb background_color_gradient_stops=\u00a0\u00bb#ffffff 0%|rgba(255,255,255,0.51) 100%\u00a0\u00bb background_color_gradient_overlays_image=\u00a0\u00bbon\u00a0\u00bb background_color_gradient_start=\u00a0\u00bb#ffffff\u00a0\u00bb background_color_gradient_end=\u00a0\u00bbrgba(255,255,255,0.51)\u00a0\u00bb background_image=\u00a0\u00bbhttps:\/\/certification.crto.on.ca\/wp-content\/uploads\/sites\/6\/2021\/08\/Requirements-3.jpg\u00a0\u00bb background_position=\u00a0\u00bbbottom_center\u00a0\u00bb custom_margin=\u00a0\u00bb||-6px||false|false\u00a0\u00bb custom_padding=\u00a0\u00bb50px||50px||false|false\u00a0\u00bb global_colors_info=\u00a0\u00bb{}\u00a0\u00bb][et_pb_row admin_label=\u00a0\u00bbrow\u00a0\u00bb _builder_version=\u00a0\u00bb4.16&Prime; background_size=\u00a0\u00bbinitial\u00a0\u00bb background_position=\u00a0\u00bbtop_left\u00a0\u00bb background_repeat=\u00a0\u00bbrepeat\u00a0\u00bb custom_padding=\u00a0\u00bb100px||100px||false|false\u00a0\u00bb global_colors_info=\u00a0\u00bb{}\u00a0\u00bb][et_pb_column type=\u00a0\u00bb4_4&Prime; _builder_version=\u00a0\u00bb4.16&Prime; custom_padding=\u00a0\u00bb|||\u00a0\u00bb global_colors_info=\u00a0\u00bb{}\u00a0\u00bb custom_padding__hover=\u00a0\u00bb|||\u00a0\u00bb][et_pb_text admin_label=\u00a0\u00bbTITLE\u00a0\u00bb _builder_version=\u00a0\u00bb4.16&Prime; _module_preset=\u00a0\u00bbdefault\u00a0\u00bb global_colors_info=\u00a0\u00bb{}\u00a0\u00bb]<\/p>\n<h1><strong>Exigences relatives \u00e0 l\u2019ex\u00e9cution d\u2019une<br \/>proc\u00e9dure prescrite sous le derme<br \/><\/strong><\/h1>\n<p>[\/et_pb_text][\/et_pb_column][\/et_pb_row][\/et_pb_section][et_pb_section fb_built=\u00a0\u00bb1&Prime; _builder_version=\u00a0\u00bb4.16&Prime; _module_preset=\u00a0\u00bbdefault\u00a0\u00bb background_image=\u00a0\u00bbhttps:\/\/certification.crto.on.ca\/wp-content\/uploads\/sites\/6\/2021\/08\/crto-patternpurple-tall.jpg\u00a0\u00bb background_position=\u00a0\u00bbbottom_left\u00a0\u00bb custom_padding=\u00a0\u00bb||||false|false\u00a0\u00bb border_width_top=\u00a0\u00bb3px\u00a0\u00bb border_color_top=\u00a0\u00bb#696BAE\u00a0\u00bb border_width_bottom=\u00a0\u00bb3px\u00a0\u00bb border_color_bottom=\u00a0\u00bb#696BAE\u00a0\u00bb global_colors_info=\u00a0\u00bb{}\u00a0\u00bb][et_pb_row column_structure=\u00a0\u00bb1_3,2_3&Prime; _builder_version=\u00a0\u00bb4.16&Prime; _module_preset=\u00a0\u00bbdefault\u00a0\u00bb custom_padding=\u00a0\u00bb||||false|false\u00a0\u00bb global_colors_info=\u00a0\u00bb{}\u00a0\u00bb][et_pb_column type=\u00a0\u00bb1_3&Prime; _builder_version=\u00a0\u00bb4.16&Prime; _module_preset=\u00a0\u00bbdefault\u00a0\u00bb global_colors_info=\u00a0\u00bb{}\u00a0\u00bb][et_pb_text _builder_version=\u00a0\u00bb4.27.4&Prime; _module_preset=\u00a0\u00bbdefault\u00a0\u00bb header_font_size=\u00a0\u00bb45px\u00a0\u00bb hover_enabled=\u00a0\u00bb0&Prime; global_colors_info=\u00a0\u00bb{}\u00a0\u00bb sticky_enabled=\u00a0\u00bb0&Prime;]<\/p>\n<h2><strong>2. Exigences relatives \u00e0 l\u2019ex\u00e9cution des proc\u00e9dures prescrites sous le derme<\/strong><\/h2>\n<p>[\/et_pb_text][et_pb_divider show_divider=\u00a0\u00bboff\u00a0\u00bb _builder_version=\u00a0\u00bb4.16&Prime; _module_preset=\u00a0\u00bbdefault\u00a0\u00bb height=\u00a0\u00bb0px\u00a0\u00bb custom_margin=\u00a0\u00bb||15px||false|false\u00a0\u00bb global_colors_info=\u00a0\u00bb{}\u00a0\u00bb][\/et_pb_divider][\/et_pb_column][et_pb_column type=\u00a0\u00bb2_3&Prime; _builder_version=\u00a0\u00bb4.16&Prime; _module_preset=\u00a0\u00bbdefault\u00a0\u00bb global_colors_info=\u00a0\u00bb{}\u00a0\u00bb][et_pb_text _builder_version=\u00a0\u00bb4.27.4&Prime; _module_preset=\u00a0\u00bbdefault\u00a0\u00bb hover_enabled=\u00a0\u00bb0&Prime; global_colors_info=\u00a0\u00bb{}\u00a0\u00bb sticky_enabled=\u00a0\u00bb0&Prime;]Les proc\u00e9dures prescrites sous le derme se divisent en deux cat\u00e9gories : les proc\u00e9dures de base et les proc\u00e9dures avanc\u00e9es. Les RT qui sont appel\u00e9s \u00e0 les effectuer, toutes cat\u00e9gories confondues, doivent r\u00e9pondre aux exigences que voici.[\/et_pb_text][et_pb_text _builder_version=\u00a0\u00bb4.27.4&Prime; _module_preset=\u00a0\u00bbdefault\u00a0\u00bb header_font_size=\u00a0\u00bb45px\u00a0\u00bb hover_enabled=\u00a0\u00bb0&Prime; global_colors_info=\u00a0\u00bb{}\u00a0\u00bb sticky_enabled=\u00a0\u00bb0&Prime;]<\/p>\n<h4><strong>Proc\u00e9dures de base<\/strong><\/h4>\n<p>[\/et_pb_text][et_pb_text _builder_version=\u00a0\u00bb4.27.4&Prime; _module_preset=\u00a0\u00bbdefault\u00a0\u00bb header_font_size=\u00a0\u00bb45px\u00a0\u00bb hover_enabled=\u00a0\u00bb0&Prime; global_colors_info=\u00a0\u00bb{}\u00a0\u00bb sticky_enabled=\u00a0\u00bb0&Prime;]Le membre doit :[\/et_pb_text][et_pb_blurb use_icon=\u00a0\u00bbon\u00a0\u00bb font_icon=\u00a0\u00bb&#x39;||divi||400&Prime; icon_color=\u00a0\u00bb#696bae\u00a0\u00bb icon_placement=\u00a0\u00bbleft\u00a0\u00bb _builder_version=\u00a0\u00bb4.27.4&Prime; _module_preset=\u00a0\u00bbdefault\u00a0\u00bb animation_style=\u00a0\u00bbzoom\u00a0\u00bb hover_enabled=\u00a0\u00bb0&Prime; global_colors_info=\u00a0\u00bb{}\u00a0\u00bb sticky_enabled=\u00a0\u00bb0&Prime;]\u00eatre apte \u00e0 ex\u00e9cuter la proc\u00e9dure[\/et_pb_blurb][et_pb_blurb use_icon=\u00a0\u00bbon\u00a0\u00bb font_icon=\u00a0\u00bb&#x39;||divi||400&Prime; icon_color=\u00a0\u00bb#696bae\u00a0\u00bb icon_placement=\u00a0\u00bbleft\u00a0\u00bb _builder_version=\u00a0\u00bb4.27.4&Prime; _module_preset=\u00a0\u00bbdefault\u00a0\u00bb animation_style=\u00a0\u00bbzoom\u00a0\u00bb hover_enabled=\u00a0\u00bb0&Prime; global_colors_info=\u00a0\u00bb{}\u00a0\u00bb sticky_enabled=\u00a0\u00bb0&Prime;]<\/p>\n<p>avoir un certificat d\u2019inscription qui l\u2019autorise \u00e0 l\u2019ex\u00e9cuter (<a href=\"https:\/\/certification.crto.on.ca\/certificates-of-registration-and-prescribed-procedures-below-the-dermis\/#table1\">voir le tableau 1<\/a>);<\/p>\n<p>[\/et_pb_blurb][et_pb_blurb use_icon=\u00a0\u00bbon\u00a0\u00bb font_icon=\u00a0\u00bb&#x39;||divi||400&Prime; icon_color=\u00a0\u00bb#696bae\u00a0\u00bb icon_placement=\u00a0\u00bbleft\u00a0\u00bb _builder_version=\u00a0\u00bb4.27.4&Prime; _module_preset=\u00a0\u00bbdefault\u00a0\u00bb animation_style=\u00a0\u00bbzoom\u00a0\u00bb hover_enabled=\u00a0\u00bb0&Prime; global_colors_info=\u00a0\u00bb{}\u00a0\u00bb sticky_enabled=\u00a0\u00bb0&Prime;]ne pas faire l\u2019objet de conditions et restrictions lui interdisant de l\u2019ex\u00e9cuter[\/et_pb_blurb][et_pb_blurb use_icon=\u00a0\u00bbon\u00a0\u00bb font_icon=\u00a0\u00bb&#x39;||divi||400&Prime; icon_color=\u00a0\u00bb#696bae\u00a0\u00bb icon_placement=\u00a0\u00bbleft\u00a0\u00bb _builder_version=\u00a0\u00bb4.27.4&Prime; _module_preset=\u00a0\u00bbdefault\u00a0\u00bb animation_style=\u00a0\u00bbzoom\u00a0\u00bb hover_enabled=\u00a0\u00bb0&Prime; global_colors_info=\u00a0\u00bb{}\u00a0\u00bb sticky_enabled=\u00a0\u00bb0&Prime;]se conformer \u00e0 toutes les politiques de l\u2019employeur.[\/et_pb_blurb][et_pb_text _builder_version=\u00a0\u00bb4.27.4&Prime; _module_preset=\u00a0\u00bbdefault\u00a0\u00bb header_font_size=\u00a0\u00bb45px\u00a0\u00bb hover_enabled=\u00a0\u00bb0&Prime; global_colors_info=\u00a0\u00bb{}\u00a0\u00bb sticky_enabled=\u00a0\u00bb0&Prime;]<\/p>\n<h4><strong>Proc\u00e9dures avanc\u00e9es<\/strong><\/h4>\n<p>[\/et_pb_text][et_pb_text _builder_version=\u00a0\u00bb4.27.4&Prime; _module_preset=\u00a0\u00bbdefault\u00a0\u00bb header_font_size=\u00a0\u00bb45px\u00a0\u00bb hover_enabled=\u00a0\u00bb0&Prime; global_colors_info=\u00a0\u00bb{}\u00a0\u00bb sticky_enabled=\u00a0\u00bb0&Prime;]Le membre doit :[\/et_pb_text][et_pb_blurb use_icon=\u00a0\u00bbon\u00a0\u00bb font_icon=\u00a0\u00bb&#x39;||divi||400&Prime; icon_color=\u00a0\u00bb#696bae\u00a0\u00bb icon_placement=\u00a0\u00bbleft\u00a0\u00bb _builder_version=\u00a0\u00bb4.27.4&Prime; _module_preset=\u00a0\u00bbdefault\u00a0\u00bb animation_style=\u00a0\u00bbzoom\u00a0\u00bb hover_enabled=\u00a0\u00bb0&Prime; global_colors_info=\u00a0\u00bb{}\u00a0\u00bb sticky_enabled=\u00a0\u00bb0&Prime;]satisfaire \u00e0 toutes les exigences relatives aux proc\u00e9dures de base, mais aussi :[\/et_pb_blurb][et_pb_blurb use_icon=\u00a0\u00bbon\u00a0\u00bb font_icon=\u00a0\u00bb&#x39;||divi||400&Prime; icon_color=\u00a0\u00bb#696bae\u00a0\u00bb icon_placement=\u00a0\u00bbleft\u00a0\u00bb _builder_version=\u00a0\u00bb4.27.4&Prime; _module_preset=\u00a0\u00bbdefault\u00a0\u00bb custom_padding=\u00a0\u00bb|||75px|false|false\u00a0\u00bb animation_style=\u00a0\u00bbzoom\u00a0\u00bb hover_enabled=\u00a0\u00bb0&Prime; global_colors_info=\u00a0\u00bb{}\u00a0\u00bb sticky_enabled=\u00a0\u00bb0&Prime;]suivre un programme d\u2019agr\u00e9ment approuv\u00e9 par l\u2019OTRO[\/et_pb_blurb][\/et_pb_column][\/et_pb_row][et_pb_row column_structure=\u00a0\u00bb1_3,2_3&Prime; _builder_version=\u00a0\u00bb4.16&Prime; _module_preset=\u00a0\u00bbdefault\u00a0\u00bb custom_padding=\u00a0\u00bb||||false|false\u00a0\u00bb global_colors_info=\u00a0\u00bb{}\u00a0\u00bb][et_pb_column type=\u00a0\u00bb1_3&Prime; _builder_version=\u00a0\u00bb4.16&Prime; _module_preset=\u00a0\u00bbdefault\u00a0\u00bb global_colors_info=\u00a0\u00bb{}\u00a0\u00bb][et_pb_divider show_divider=\u00a0\u00bboff\u00a0\u00bb _builder_version=\u00a0\u00bb4.16&Prime; _module_preset=\u00a0\u00bbdefault\u00a0\u00bb height=\u00a0\u00bb0px\u00a0\u00bb custom_margin=\u00a0\u00bb||15px||false|false\u00a0\u00bb global_colors_info=\u00a0\u00bb{}\u00a0\u00bb][\/et_pb_divider][\/et_pb_column][et_pb_column type=\u00a0\u00bb2_3&Prime; _builder_version=\u00a0\u00bb4.16&Prime; _module_preset=\u00a0\u00bbdefault\u00a0\u00bb global_colors_info=\u00a0\u00bb{}\u00a0\u00bb][et_pb_blurb use_icon=\u00a0\u00bbon\u00a0\u00bb font_icon=\u00a0\u00bb&#x39;||divi||400&Prime; icon_color=\u00a0\u00bb#696bae\u00a0\u00bb icon_placement=\u00a0\u00bbleft\u00a0\u00bb _builder_version=\u00a0\u00bb4.27.4&Prime; _module_preset=\u00a0\u00bbdefault\u00a0\u00bb custom_padding=\u00a0\u00bb|||75px|false|false\u00a0\u00bb animation_style=\u00a0\u00bbzoom\u00a0\u00bb hover_enabled=\u00a0\u00bb0&Prime; global_colors_info=\u00a0\u00bb{}\u00a0\u00bb sticky_enabled=\u00a0\u00bb0&Prime;]s\u2019assurer que le programme d\u2019agr\u00e9ment est \u00e0 jour et repose sur une pratique clinique fond\u00e9e sur les meilleures donn\u00e9es probantes[\/et_pb_blurb][et_pb_blurb use_icon=\u00a0\u00bbon\u00a0\u00bb font_icon=\u00a0\u00bb&#x39;||divi||400&Prime; icon_color=\u00a0\u00bb#696bae\u00a0\u00bb icon_placement=\u00a0\u00bbleft\u00a0\u00bb _builder_version=\u00a0\u00bb4.27.4&Prime; _module_preset=\u00a0\u00bbdefault\u00a0\u00bb custom_padding=\u00a0\u00bb|||75px|false|false\u00a0\u00bb animation_style=\u00a0\u00bbzoom\u00a0\u00bb hover_enabled=\u00a0\u00bb0&Prime; global_colors_info=\u00a0\u00bb{}\u00a0\u00bb sticky_enabled=\u00a0\u00bb0&Prime;]renouveler son agr\u00e9ment tous les deux ans.[\/et_pb_blurb][et_pb_text _builder_version=\u00a0\u00bb4.27.4&Prime; _module_preset=\u00a0\u00bbdefault\u00a0\u00bb header_font_size=\u00a0\u00bb45px\u00a0\u00bb hover_enabled=\u00a0\u00bb0&Prime; global_colors_info=\u00a0\u00bb{}\u00a0\u00bb sticky_enabled=\u00a0\u00bb0&Prime;]<\/p>\n<p>Pour savoir comment faire approuver un programme d\u2019agr\u00e9ment, aller \u00e0 la page 12. Des renseignements suppl\u00e9mentaires se trouvent \u00e9galement dans <em><a href=\"https:\/\/www.ontario.ca\/laws\/regulation\/940596#BK7\" target=\"_blank\" rel=\"noopener\">la r\u00e9glementation sur les proc\u00e9dures prescrites<\/a> <\/em>et dans le document <a href=\"https:\/\/interpretation.crto.on.ca\/fr\/\" target=\"_blank\" rel=\"noopener\"><em>Interpr\u00e9tation des actes autoris\u00e9s : Ligne directrice de pratique professionnelle<\/em><\/a>.<\/p>\n<p>[\/et_pb_text][et_pb_text admin_label=\u00a0\u00bbPlease Note\u00a0\u00bb _builder_version=\u00a0\u00bb4.27.4&Prime; _module_preset=\u00a0\u00bbdefault\u00a0\u00bb background_color=\u00a0\u00bbrgba(105,107,174,0.15)\u00a0\u00bb custom_padding=\u00a0\u00bb25px|25px|25px|25px|false|false\u00a0\u00bb hover_enabled=\u00a0\u00bb0&Prime; border_width_all=\u00a0\u00bb1px\u00a0\u00bb global_colors_info=\u00a0\u00bb{}\u00a0\u00bb sticky_enabled=\u00a0\u00bb0&Prime;]<\/p>\n<h4><strong>\u00c0 NOTER<\/strong><\/h4>\n<p>Une proc\u00e9dure prescrite de base ou avanc\u00e9e sous le derme ne peut \u00eatre ex\u00e9cut\u00e9e qu\u2019avec une ordonnance valide (ordonnance directe ou directive m\u00e9dicale). Pour en savoir plus sur les ordonnances, consulter la <a href=\"https:\/\/orders.crto.on.ca\/fr\/\" target=\"_blank\" rel=\"noopener\">Ligne directrice de pratique professionnelle sur les ordonnances de soins m\u00e9dicaux<\/a> de l\u2019OTRO.<\/p>\n<p>[\/et_pb_text][\/et_pb_column][\/et_pb_row][\/et_pb_section][et_pb_section fb_built=\u00a0\u00bb1&Prime; inner_shadow=\u00a0\u00bbon\u00a0\u00bb _builder_version=\u00a0\u00bb4.16&Prime; _module_preset=\u00a0\u00bbdefault\u00a0\u00bb use_background_color_gradient=\u00a0\u00bbon\u00a0\u00bb background_color_gradient_type=\u00a0\u00bbcircular\u00a0\u00bb background_color_gradient_stops=\u00a0\u00bb#ffffff 53%|#ededed 100%\u00a0\u00bb background_color_gradient_start=\u00a0\u00bb#ffffff\u00a0\u00bb background_color_gradient_start_position=\u00a0\u00bb53%\u00a0\u00bb background_color_gradient_end=\u00a0\u00bb#ededed\u00a0\u00bb custom_padding=\u00a0\u00bb20px||20px||false|false\u00a0\u00bb global_colors_info=\u00a0\u00bb{}\u00a0\u00bb][et_pb_row column_structure=\u00a0\u00bb3_5,1_5,1_5&Prime; _builder_version=\u00a0\u00bb4.16&Prime; _module_preset=\u00a0\u00bbdefault\u00a0\u00bb global_colors_info=\u00a0\u00bb{}\u00a0\u00bb][et_pb_column type=\u00a0\u00bb3_5&Prime; _builder_version=\u00a0\u00bb4.16&Prime; _module_preset=\u00a0\u00bbdefault\u00a0\u00bb global_colors_info=\u00a0\u00bb{}\u00a0\u00bb][\/et_pb_column][et_pb_column type=\u00a0\u00bb1_5&Prime; _builder_version=\u00a0\u00bb4.16&Prime; _module_preset=\u00a0\u00bbdefault\u00a0\u00bb global_colors_info=\u00a0\u00bb{}\u00a0\u00bb][et_pb_button button_url=\u00a0\u00bbhttps:\/\/certification.crto.on.ca\/fr\/prescribed-procedures-below-the-dermis-regulation\/\u00a0\u00bb button_text=\u00a0\u00bbPr\u00e9c\u00e9dente\u00a0\u00bb button_alignment=\u00a0\u00bbleft\u00a0\u00bb admin_label=\u00a0\u00bbPrevious\u00a0\u00bb _builder_version=\u00a0\u00bb4.16&Prime; _dynamic_attributes=\u00a0\u00bbbutton_url\u00a0\u00bb _module_preset=\u00a0\u00bbdefault\u00a0\u00bb global_colors_info=\u00a0\u00bb{}\u00a0\u00bb][\/et_pb_button][\/et_pb_column][et_pb_column type=\u00a0\u00bb1_5&Prime; _builder_version=\u00a0\u00bb4.16&Prime; _module_preset=\u00a0\u00bbdefault\u00a0\u00bb global_colors_info=\u00a0\u00bb{}\u00a0\u00bb][et_pb_button button_url=\u00a0\u00bbhttps:\/\/certification.crto.on.ca\/fr\/certificates-of-registration-and-prescribed-procedures-below-the-dermis\/\u00a0\u00bb button_text=\u00a0\u00bbSuivant\u00a0\u00bb button_alignment=\u00a0\u00bbleft\u00a0\u00bb admin_label=\u00a0\u00bbNext\u00a0\u00bb _builder_version=\u00a0\u00bb4.16&Prime; _dynamic_attributes=\u00a0\u00bbbutton_url\u00a0\u00bb _module_preset=\u00a0\u00bbdefault\u00a0\u00bb global_colors_info=\u00a0\u00bb{}\u00a0\u00bb][\/et_pb_button][\/et_pb_column][\/et_pb_row][\/et_pb_section]<\/p>\n","protected":false},"excerpt":{"rendered":"<p>Exigences relatives \u00e0 l\u2019ex\u00e9cution d\u2019uneproc\u00e9dure prescrite sous le derme2. Exigences relatives \u00e0 l\u2019ex\u00e9cution des proc\u00e9dures prescrites sous le dermeLes proc\u00e9dures prescrites sous le derme se divisent en deux cat\u00e9gories : les proc\u00e9dures de base et les proc\u00e9dures avanc\u00e9es. Les RT qui sont appel\u00e9s \u00e0 les effectuer, toutes cat\u00e9gories confondues, doivent r\u00e9pondre aux exigences que voici.Proc\u00e9dures [&hellip;]<\/p>\n","protected":false},"author":6,"featured_media":0,"parent":0,"menu_order":0,"comment_status":"closed","ping_status":"closed","template":"","meta":{"_et_pb_use_builder":"on","_et_pb_old_content":"","_et_gb_content_width":"","footnotes":""},"class_list":["post-3349","page","type-page","status-publish","hentry"],"yoast_head":"<!-- This site is optimized with the Yoast SEO plugin v26.9 - https:\/\/yoast.com\/product\/yoast-seo-wordpress\/ -->\n<title>Exigences relatives \u00e0 l\u2019ex\u00e9cution d\u2019une proc\u00e9dure prescrite sous le derme - Certification Programs for Advanced Prescribed Procedures Below the Dermis<\/title>\n<meta name=\"robots\" content=\"index, follow, max-snippet:-1, max-image-preview:large, max-video-preview:-1\" \/>\n<link rel=\"canonical\" href=\"https:\/\/certification.crto.on.ca\/fr\/requirements-when-performing-procedures-below-the-dermis\/\" \/>\n<meta property=\"og:locale\" content=\"fr_FR\" \/>\n<meta property=\"og:type\" content=\"article\" \/>\n<meta property=\"og:title\" content=\"Exigences relatives \u00e0 l\u2019ex\u00e9cution d\u2019une proc\u00e9dure prescrite sous le derme - Certification Programs for Advanced Prescribed Procedures Below the Dermis\" \/>\n<meta property=\"og:description\" content=\"Exigences relatives \u00e0 l\u2019ex\u00e9cution d\u2019uneproc\u00e9dure prescrite sous le derme2. Exigences relatives \u00e0 l\u2019ex\u00e9cution des proc\u00e9dures prescrites sous le dermeLes proc\u00e9dures prescrites sous le derme se divisent en deux cat\u00e9gories : les proc\u00e9dures de base et les proc\u00e9dures avanc\u00e9es. Les RT qui sont appel\u00e9s \u00e0 les effectuer, toutes cat\u00e9gories confondues, doivent r\u00e9pondre aux exigences que voici.Proc\u00e9dures [&hellip;]\" \/>\n<meta property=\"og:url\" content=\"https:\/\/certification.crto.on.ca\/fr\/requirements-when-performing-procedures-below-the-dermis\/\" \/>\n<meta property=\"og:site_name\" content=\"Certification Programs for Advanced Prescribed Procedures Below the Dermis\" \/>\n<meta property=\"article:modified_time\" content=\"2025-05-02T14:31:34+00:00\" \/>\n<meta name=\"twitter:card\" content=\"summary_large_image\" \/>\n<meta name=\"twitter:label1\" content=\"Est. reading time\" \/>\n\t<meta name=\"twitter:data1\" content=\"6 minutes\" \/>\n<script type=\"application\/ld+json\" class=\"yoast-schema-graph\">{\"@context\":\"https:\/\/schema.org\",\"@graph\":[{\"@type\":\"WebPage\",\"@id\":\"https:\/\/certification.crto.on.ca\/fr\/requirements-when-performing-procedures-below-the-dermis\/\",\"url\":\"https:\/\/certification.crto.on.ca\/fr\/requirements-when-performing-procedures-below-the-dermis\/\",\"name\":\"Exigences relatives \u00e0 l\u2019ex\u00e9cution d\u2019une proc\u00e9dure prescrite sous le derme - Certification Programs for Advanced Prescribed Procedures Below the Dermis\",\"isPartOf\":{\"@id\":\"https:\/\/certification.crto.on.ca\/#website\"},\"datePublished\":\"2021-08-04T01:21:12+00:00\",\"dateModified\":\"2025-05-02T14:31:34+00:00\",\"breadcrumb\":{\"@id\":\"https:\/\/certification.crto.on.ca\/fr\/requirements-when-performing-procedures-below-the-dermis\/#breadcrumb\"},\"inLanguage\":\"fr-FR\",\"potentialAction\":[{\"@type\":\"ReadAction\",\"target\":[\"https:\/\/certification.crto.on.ca\/fr\/requirements-when-performing-procedures-below-the-dermis\/\"]}]},{\"@type\":\"BreadcrumbList\",\"@id\":\"https:\/\/certification.crto.on.ca\/fr\/requirements-when-performing-procedures-below-the-dermis\/#breadcrumb\",\"itemListElement\":[{\"@type\":\"ListItem\",\"position\":1,\"name\":\"Home\",\"item\":\"https:\/\/certification.crto.on.ca\/fr\/4-2\/\"},{\"@type\":\"ListItem\",\"position\":2,\"name\":\"Exigences relatives \u00e0 l\u2019ex\u00e9cution d\u2019une proc\u00e9dure prescrite sous le derme\"}]},{\"@type\":\"WebSite\",\"@id\":\"https:\/\/certification.crto.on.ca\/#website\",\"url\":\"https:\/\/certification.crto.on.ca\/\",\"name\":\"Certification Programs for Advanced Prescribed Procedures Below the Dermis\",\"description\":\"Just another CRTO MicroSites site\",\"potentialAction\":[{\"@type\":\"SearchAction\",\"target\":{\"@type\":\"EntryPoint\",\"urlTemplate\":\"https:\/\/certification.crto.on.ca\/?s={search_term_string}\"},\"query-input\":{\"@type\":\"PropertyValueSpecification\",\"valueRequired\":true,\"valueName\":\"search_term_string\"}}],\"inLanguage\":\"fr-FR\"}]}<\/script>\n<!-- \/ Yoast SEO plugin. -->","yoast_head_json":{"title":"Exigences relatives \u00e0 l\u2019ex\u00e9cution d\u2019une proc\u00e9dure prescrite sous le derme - Certification Programs for Advanced Prescribed Procedures Below the Dermis","robots":{"index":"index","follow":"follow","max-snippet":"max-snippet:-1","max-image-preview":"max-image-preview:large","max-video-preview":"max-video-preview:-1"},"canonical":"https:\/\/certification.crto.on.ca\/fr\/requirements-when-performing-procedures-below-the-dermis\/","og_locale":"fr_FR","og_type":"article","og_title":"Exigences relatives \u00e0 l\u2019ex\u00e9cution d\u2019une proc\u00e9dure prescrite sous le derme - Certification Programs for Advanced Prescribed Procedures Below the Dermis","og_description":"Exigences relatives \u00e0 l\u2019ex\u00e9cution d\u2019uneproc\u00e9dure prescrite sous le derme2. Exigences relatives \u00e0 l\u2019ex\u00e9cution des proc\u00e9dures prescrites sous le dermeLes proc\u00e9dures prescrites sous le derme se divisent en deux cat\u00e9gories : les proc\u00e9dures de base et les proc\u00e9dures avanc\u00e9es. Les RT qui sont appel\u00e9s \u00e0 les effectuer, toutes cat\u00e9gories confondues, doivent r\u00e9pondre aux exigences que voici.Proc\u00e9dures [&hellip;]","og_url":"https:\/\/certification.crto.on.ca\/fr\/requirements-when-performing-procedures-below-the-dermis\/","og_site_name":"Certification Programs for Advanced Prescribed Procedures Below the Dermis","article_modified_time":"2025-05-02T14:31:34+00:00","twitter_card":"summary_large_image","twitter_misc":{"Est. reading time":"6 minutes"},"schema":{"@context":"https:\/\/schema.org","@graph":[{"@type":"WebPage","@id":"https:\/\/certification.crto.on.ca\/fr\/requirements-when-performing-procedures-below-the-dermis\/","url":"https:\/\/certification.crto.on.ca\/fr\/requirements-when-performing-procedures-below-the-dermis\/","name":"Exigences relatives \u00e0 l\u2019ex\u00e9cution d\u2019une proc\u00e9dure prescrite sous le derme - Certification Programs for Advanced Prescribed Procedures Below the Dermis","isPartOf":{"@id":"https:\/\/certification.crto.on.ca\/#website"},"datePublished":"2021-08-04T01:21:12+00:00","dateModified":"2025-05-02T14:31:34+00:00","breadcrumb":{"@id":"https:\/\/certification.crto.on.ca\/fr\/requirements-when-performing-procedures-below-the-dermis\/#breadcrumb"},"inLanguage":"fr-FR","potentialAction":[{"@type":"ReadAction","target":["https:\/\/certification.crto.on.ca\/fr\/requirements-when-performing-procedures-below-the-dermis\/"]}]},{"@type":"BreadcrumbList","@id":"https:\/\/certification.crto.on.ca\/fr\/requirements-when-performing-procedures-below-the-dermis\/#breadcrumb","itemListElement":[{"@type":"ListItem","position":1,"name":"Home","item":"https:\/\/certification.crto.on.ca\/fr\/4-2\/"},{"@type":"ListItem","position":2,"name":"Exigences relatives \u00e0 l\u2019ex\u00e9cution d\u2019une proc\u00e9dure prescrite sous le derme"}]},{"@type":"WebSite","@id":"https:\/\/certification.crto.on.ca\/#website","url":"https:\/\/certification.crto.on.ca\/","name":"Certification Programs for Advanced Prescribed Procedures Below the Dermis","description":"Just another CRTO MicroSites site","potentialAction":[{"@type":"SearchAction","target":{"@type":"EntryPoint","urlTemplate":"https:\/\/certification.crto.on.ca\/?s={search_term_string}"},"query-input":{"@type":"PropertyValueSpecification","valueRequired":true,"valueName":"search_term_string"}}],"inLanguage":"fr-FR"}]}},"_links":{"self":[{"href":"https:\/\/certification.crto.on.ca\/fr\/wp-json\/wp\/v2\/pages\/3349","targetHints":{"allow":["GET"]}}],"collection":[{"href":"https:\/\/certification.crto.on.ca\/fr\/wp-json\/wp\/v2\/pages"}],"about":[{"href":"https:\/\/certification.crto.on.ca\/fr\/wp-json\/wp\/v2\/types\/page"}],"author":[{"embeddable":true,"href":"https:\/\/certification.crto.on.ca\/fr\/wp-json\/wp\/v2\/users\/6"}],"replies":[{"embeddable":true,"href":"https:\/\/certification.crto.on.ca\/fr\/wp-json\/wp\/v2\/comments?post=3349"}],"version-history":[{"count":4,"href":"https:\/\/certification.crto.on.ca\/fr\/wp-json\/wp\/v2\/pages\/3349\/revisions"}],"predecessor-version":[{"id":3536,"href":"https:\/\/certification.crto.on.ca\/fr\/wp-json\/wp\/v2\/pages\/3349\/revisions\/3536"}],"wp:attachment":[{"href":"https:\/\/certification.crto.on.ca\/fr\/wp-json\/wp\/v2\/media?parent=3349"}],"curies":[{"name":"wp","href":"https:\/\/api.w.org\/{rel}","templated":true}]}}